{"id":1319,"date":"2022-01-15T16:56:02","date_gmt":"2022-01-15T19:56:02","guid":{"rendered":"https:\/\/tamarafschmidt.com\/?page_id=1319"},"modified":"2022-05-27T10:49:05","modified_gmt":"2022-05-27T13:49:05","slug":"alternative-financing-in-fintech-markets-a-transatlantic-discussion","status":"publish","type":"page","link":"https:\/\/tamarafschmidt.com\/en\/financiamentos-alternativos\/alternative-financing-in-fintech-markets-a-transatlantic-discussion\/","title":{"rendered":"Alternative Financing in Fintech Markets &#8211; A Transatlantic Discussion"},"content":{"rendered":"<div class=\"wp-block-themeisle-blocks-advanced-columns has-1-columns has-desktop-equal-layout has-tablet-equal-layout has-mobile-equal-layout has-default-gap has-vertical-unset\" id=\"wp-block-themeisle-blocks-advanced-columns-11493eec\"><div class=\"wp-block-themeisle-blocks-advanced-columns-overlay\"><\/div><div class=\"innerblocks-wrap\">\n<div class=\"wp-block-themeisle-blocks-advanced-column\" id=\"wp-block-themeisle-blocks-advanced-column-39ce6a37\">\n<figure class=\"wp-block-image alignwide size-large\"><img loading=\"lazy\" decoding=\"async\" width=\"1024\" height=\"576\" src=\"https:\/\/tamarafschmidt.com\/wp-content\/uploads\/2022\/01\/Report-Release-Event-Cover-2-1024x576.png\" alt=\"\" class=\"wp-image-1345\" srcset=\"https:\/\/tamarafschmidt.com\/wp-content\/uploads\/2022\/01\/Report-Release-Event-Cover-2-1024x576.png 1024w, https:\/\/tamarafschmidt.com\/wp-content\/uploads\/2022\/01\/Report-Release-Event-Cover-2-300x169.png 300w, https:\/\/tamarafschmidt.com\/wp-content\/uploads\/2022\/01\/Report-Release-Event-Cover-2-768x432.png 768w, https:\/\/tamarafschmidt.com\/wp-content\/uploads\/2022\/01\/Report-Release-Event-Cover-2-1536x864.png 1536w, https:\/\/tamarafschmidt.com\/wp-content\/uploads\/2022\/01\/Report-Release-Event-Cover-2-18x10.png 18w, https:\/\/tamarafschmidt.com\/wp-content\/uploads\/2022\/01\/Report-Release-Event-Cover-2.png 1920w\" sizes=\"auto, (max-width: 1024px) 100vw, 1024px\" \/><\/figure>\n\n\n\n<div style=\"height:30px\" aria-hidden=\"true\" class=\"wp-block-spacer\"><\/div>\n\n\n\n<p><strong>The official release of the report: &#8220;Alternative Financing in Fintech Markets &#8211; A Look at the German and Brazilian Entrepreneurial Ecosystems&#8221;.<\/strong><\/p>\n\n\n\n<div style=\"height:29px\" aria-hidden=\"true\" class=\"wp-block-spacer\"><\/div>\n\n\n\n<p><strong>About this event<\/strong><\/p>\n\n\n\n<p>Tamara F Schmidt will release its final report in this webinar, consolidating a <a href=\"https:\/\/tamarafschmidt.com\/en\/alemanha\/\" target=\"_blank\" rel=\"noreferrer noopener\">17 months-work<\/a> of deep diving in the German alternative financing market.<\/p>\n\n\n\n<p>Specialists from Germany and Brazil will present and discuss challenges and opportunities around both crowdinvesting markets.<\/p>\n\n\n\n<p>Join us at this transatlantic discussion and enjoy the opportunity to share knowledge and learn from international players.<\/p>\n\n\n\n<div style=\"height:30px\" aria-hidden=\"true\" class=\"wp-block-spacer\"><\/div>\n\n\n<div class=\"wp-block-image\">\n<figure class=\"aligncenter size-full is-resized\"><img loading=\"lazy\" decoding=\"async\" src=\"https:\/\/tamarafschmidt.com\/wp-content\/uploads\/2022\/01\/Program.png\" alt=\"\" class=\"wp-image-1320\" width=\"612\" height=\"264\" srcset=\"https:\/\/tamarafschmidt.com\/wp-content\/uploads\/2022\/01\/Program.png 816w, https:\/\/tamarafschmidt.com\/wp-content\/uploads\/2022\/01\/Program-300x129.png 300w, https:\/\/tamarafschmidt.com\/wp-content\/uploads\/2022\/01\/Program-768x331.png 768w, https:\/\/tamarafschmidt.com\/wp-content\/uploads\/2022\/01\/Program-18x8.png 18w\" sizes=\"auto, (max-width: 612px) 100vw, 612px\" \/><\/figure>\n<\/div>\n\n\n<div style=\"height:30px\" aria-hidden=\"true\" class=\"wp-block-spacer\"><\/div>\n\n\n\n<div class=\"wp-block-buttons alignwide is-horizontal is-content-justification-center is-layout-flex wp-container-core-buttons-is-layout-03627597 wp-block-buttons-is-layout-flex\">\n<div class=\"wp-block-button\"><a class=\"wp-block-button__link has-accent-background-color has-background\" href=\"https:\/\/us02web.zoom.us\/meeting\/register\/tZAvf-uqqzMsG9diQGA6LqVA17wRH25d92fV\" style=\"border-radius:3px\" target=\"_blank\" rel=\"noreferrer noopener\">Registration Here<\/a><\/div>\n<\/div>\n\n\n\n<div style=\"height:30px\" aria-hidden=\"true\" class=\"wp-block-spacer\"><\/div>\n\n\n\n<p><strong>Contact<\/strong><\/p>\n\n\n\n<p>Tamara F Schmidt <\/p>\n\n\n\n<p>E-mail: tamara.schmidt@bundesverband-crowdfunding.de<\/p>\n\n\n\n<p>LinkedIn: <a href=\"https:\/\/www.linkedin.com\/in\/tamara-schmidt\/\" target=\"_blank\" rel=\"noreferrer noopener\">https:\/\/www.linkedin.com\/in\/tamara-schmidt\/<\/a> <\/p>\n\n\n\n<div style=\"height:30px\" aria-hidden=\"true\" class=\"wp-block-spacer\"><\/div>\n\n\n\n<p><strong>Supported by<\/strong><\/p>\n\n\n<div class=\"wp-block-image\">\n<figure class=\"aligncenter size-full is-resized\"><img loading=\"lazy\" decoding=\"async\" src=\"https:\/\/tamarafschmidt.com\/wp-content\/uploads\/2022\/01\/Logo-AvH-BVCF.png\" alt=\"\" class=\"wp-image-1321\" width=\"541\" height=\"141\" srcset=\"https:\/\/tamarafschmidt.com\/wp-content\/uploads\/2022\/01\/Logo-AvH-BVCF.png 721w, https:\/\/tamarafschmidt.com\/wp-content\/uploads\/2022\/01\/Logo-AvH-BVCF-300x78.png 300w, https:\/\/tamarafschmidt.com\/wp-content\/uploads\/2022\/01\/Logo-AvH-BVCF-18x5.png 18w\" sizes=\"auto, (max-width: 541px) 100vw, 541px\" \/><\/figure>\n<\/div><\/div>\n<\/div><\/div>","protected":false},"excerpt":{"rendered":"","protected":false},"author":1,"featured_media":0,"parent":1396,"menu_order":0,"comment_status":"closed","ping_status":"closed","template":"","meta":{"footnotes":""},"class_list":["post-1319","page","type-page","status-publish","hentry"],"yoast_head":"<!-- This site is optimized with the Yoast SEO plugin v27.4 - https:\/\/yoast.com\/product\/yoast-seo-wordpress\/ -->\n<title>Alternative Financing - A Transatlantic Discussion - tamara f schmidt<\/title>\n<meta name=\"description\" content=\"The release of the report: &quot;Alternative Financing in Fintech Markets - A Look at the German and Brazilian Entrepreneurial Ecosystems&quot;.\" \/>\n<meta name=\"robots\" content=\"index, follow, max-snippet:-1, max-image-preview:large, max-video-preview:-1\" \/>\n<link rel=\"canonical\" href=\"https:\/\/tamarafschmidt.com\/en\/financiamentos-alternativos\/alternative-financing-in-fintech-markets-a-transatlantic-discussion\/\" \/>\n<meta property=\"og:locale\" content=\"en_US\" \/>\n<meta property=\"og:type\" content=\"article\" \/>\n<meta property=\"og:title\" content=\"Alternative Financing - A Transatlantic Discussion - tamara f schmidt\" \/>\n<meta property=\"og:description\" content=\"The release of the report: &quot;Alternative Financing in Fintech Markets - A Look at the German and Brazilian Entrepreneurial Ecosystems&quot;.\" \/>\n<meta property=\"og:url\" content=\"https:\/\/tamarafschmidt.com\/en\/financiamentos-alternativos\/alternative-financing-in-fintech-markets-a-transatlantic-discussion\/\" \/>\n<meta property=\"og:site_name\" content=\"tamara f schmidt\" \/>\n<meta property=\"article:modified_time\" content=\"2022-05-27T13:49:05+00:00\" \/>\n<meta property=\"og:image\" content=\"https:\/\/tamarafschmidt.com\/wp-content\/uploads\/2022\/01\/Report-Release-Event-Cover-2-1024x576.png\" \/>\n<meta name=\"twitter:card\" content=\"summary_large_image\" \/>\n<meta name=\"twitter:label1\" content=\"Est. reading time\" \/>\n\t<meta name=\"twitter:data1\" content=\"2 minutes\" \/>\n<script type=\"application\/ld+json\" class=\"yoast-schema-graph\">{\"@context\":\"https:\\\/\\\/schema.org\",\"@graph\":[{\"@type\":\"WebPage\",\"@id\":\"https:\\\/\\\/tamarafschmidt.com\\\/financiamentos-alternativos\\\/alternative-financing-in-fintech-markets-a-transatlantic-discussion\\\/\",\"url\":\"https:\\\/\\\/tamarafschmidt.com\\\/financiamentos-alternativos\\\/alternative-financing-in-fintech-markets-a-transatlantic-discussion\\\/\",\"name\":\"Alternative Financing - A Transatlantic Discussion - tamara f schmidt\",\"isPartOf\":{\"@id\":\"https:\\\/\\\/tamarafschmidt.com\\\/#website\"},\"primaryImageOfPage\":{\"@id\":\"https:\\\/\\\/tamarafschmidt.com\\\/financiamentos-alternativos\\\/alternative-financing-in-fintech-markets-a-transatlantic-discussion\\\/#primaryimage\"},\"image\":{\"@id\":\"https:\\\/\\\/tamarafschmidt.com\\\/financiamentos-alternativos\\\/alternative-financing-in-fintech-markets-a-transatlantic-discussion\\\/#primaryimage\"},\"thumbnailUrl\":\"https:\\\/\\\/tamarafschmidt.com\\\/wp-content\\\/uploads\\\/2022\\\/01\\\/Report-Release-Event-Cover-2-1024x576.png\",\"datePublished\":\"2022-01-15T19:56:02+00:00\",\"dateModified\":\"2022-05-27T13:49:05+00:00\",\"description\":\"The release of the report: \\\"Alternative Financing in Fintech Markets - A Look at the German and Brazilian Entrepreneurial Ecosystems\\\".\",\"breadcrumb\":{\"@id\":\"https:\\\/\\\/tamarafschmidt.com\\\/financiamentos-alternativos\\\/alternative-financing-in-fintech-markets-a-transatlantic-discussion\\\/#breadcrumb\"},\"inLanguage\":\"en-US\",\"potentialAction\":[{\"@type\":\"ReadAction\",\"target\":[\"https:\\\/\\\/tamarafschmidt.com\\\/financiamentos-alternativos\\\/alternative-financing-in-fintech-markets-a-transatlantic-discussion\\\/\"]}]},{\"@type\":\"ImageObject\",\"inLanguage\":\"en-US\",\"@id\":\"https:\\\/\\\/tamarafschmidt.com\\\/financiamentos-alternativos\\\/alternative-financing-in-fintech-markets-a-transatlantic-discussion\\\/#primaryimage\",\"url\":\"https:\\\/\\\/tamarafschmidt.com\\\/wp-content\\\/uploads\\\/2022\\\/01\\\/Report-Release-Event-Cover-2-1024x576.png\",\"contentUrl\":\"https:\\\/\\\/tamarafschmidt.com\\\/wp-content\\\/uploads\\\/2022\\\/01\\\/Report-Release-Event-Cover-2-1024x576.png\"},{\"@type\":\"BreadcrumbList\",\"@id\":\"https:\\\/\\\/tamarafschmidt.com\\\/financiamentos-alternativos\\\/alternative-financing-in-fintech-markets-a-transatlantic-discussion\\\/#breadcrumb\",\"itemListElement\":[{\"@type\":\"ListItem\",\"position\":1,\"name\":\"In\u00edcio\",\"item\":\"https:\\\/\\\/tamarafschmidt.com\\\/\"},{\"@type\":\"ListItem\",\"position\":2,\"name\":\"Financiamentos Alternativos\",\"item\":\"https:\\\/\\\/tamarafschmidt.com\\\/financiamentos-alternativos\\\/\"},{\"@type\":\"ListItem\",\"position\":3,\"name\":\"Alternative Financing in Fintech Markets &#8211; A Transatlantic Discussion\"}]},{\"@type\":\"WebSite\",\"@id\":\"https:\\\/\\\/tamarafschmidt.com\\\/#website\",\"url\":\"https:\\\/\\\/tamarafschmidt.com\\\/\",\"name\":\"tamara f schmidt\",\"description\":\"Tamara Ferreira Schmidt\",\"publisher\":{\"@id\":\"https:\\\/\\\/tamarafschmidt.com\\\/#\\\/schema\\\/person\\\/694e0303ec81d93cd3e091857172db21\"},\"potentialAction\":[{\"@type\":\"SearchAction\",\"target\":{\"@type\":\"EntryPoint\",\"urlTemplate\":\"https:\\\/\\\/tamarafschmidt.com\\\/?s={search_term_string}\"},\"query-input\":{\"@type\":\"PropertyValueSpecification\",\"valueRequired\":true,\"valueName\":\"search_term_string\"}}],\"inLanguage\":\"en-US\"},{\"@type\":[\"Person\",\"Organization\"],\"@id\":\"https:\\\/\\\/tamarafschmidt.com\\\/#\\\/schema\\\/person\\\/694e0303ec81d93cd3e091857172db21\",\"name\":\"Tamara Ferreira Schmidt\",\"image\":{\"@type\":\"ImageObject\",\"inLanguage\":\"en-US\",\"@id\":\"https:\\\/\\\/secure.gravatar.com\\\/avatar\\\/629e3f3c4fcb7d8422b7996253b72d1a28f2ee9946ea64897399b683a4d26d6f?s=96&d=mm&r=g\",\"url\":\"https:\\\/\\\/secure.gravatar.com\\\/avatar\\\/629e3f3c4fcb7d8422b7996253b72d1a28f2ee9946ea64897399b683a4d26d6f?s=96&d=mm&r=g\",\"contentUrl\":\"https:\\\/\\\/secure.gravatar.com\\\/avatar\\\/629e3f3c4fcb7d8422b7996253b72d1a28f2ee9946ea64897399b683a4d26d6f?s=96&d=mm&r=g\",\"caption\":\"Tamara Ferreira Schmidt\"},\"logo\":{\"@id\":\"https:\\\/\\\/secure.gravatar.com\\\/avatar\\\/629e3f3c4fcb7d8422b7996253b72d1a28f2ee9946ea64897399b683a4d26d6f?s=96&d=mm&r=g\"},\"description\":\"F\u00edsica, empreendedora, especialista em mercado financeiro com fortes habilidades anal\u00edticas e quantitativas. Movida pela curiosidade e pelo objetivo de fazer a diferen\u00e7a atuo com inova\u00e7\u00e3o em iniciativas independentes.\"}]}<\/script>\n<!-- \/ Yoast SEO plugin. -->","yoast_head_json":{"title":"Alternative Financing - A Transatlantic Discussion - tamara f schmidt","description":"The release of the report: \"Alternative Financing in Fintech Markets - A Look at the German and Brazilian Entrepreneurial Ecosystems\".","robots":{"index":"index","follow":"follow","max-snippet":"max-snippet:-1","max-image-preview":"max-image-preview:large","max-video-preview":"max-video-preview:-1"},"canonical":"https:\/\/tamarafschmidt.com\/en\/financiamentos-alternativos\/alternative-financing-in-fintech-markets-a-transatlantic-discussion\/","og_locale":"en_US","og_type":"article","og_title":"Alternative Financing - A Transatlantic Discussion - tamara f schmidt","og_description":"The release of the report: \"Alternative Financing in Fintech Markets - A Look at the German and Brazilian Entrepreneurial Ecosystems\".","og_url":"https:\/\/tamarafschmidt.com\/en\/financiamentos-alternativos\/alternative-financing-in-fintech-markets-a-transatlantic-discussion\/","og_site_name":"tamara f schmidt","article_modified_time":"2022-05-27T13:49:05+00:00","og_image":[{"url":"https:\/\/tamarafschmidt.com\/wp-content\/uploads\/2022\/01\/Report-Release-Event-Cover-2-1024x576.png","type":"","width":"","height":""}],"twitter_card":"summary_large_image","twitter_misc":{"Est. reading time":"2 minutes"},"schema":{"@context":"https:\/\/schema.org","@graph":[{"@type":"WebPage","@id":"https:\/\/tamarafschmidt.com\/financiamentos-alternativos\/alternative-financing-in-fintech-markets-a-transatlantic-discussion\/","url":"https:\/\/tamarafschmidt.com\/financiamentos-alternativos\/alternative-financing-in-fintech-markets-a-transatlantic-discussion\/","name":"Alternative Financing - A Transatlantic Discussion - tamara f schmidt","isPartOf":{"@id":"https:\/\/tamarafschmidt.com\/#website"},"primaryImageOfPage":{"@id":"https:\/\/tamarafschmidt.com\/financiamentos-alternativos\/alternative-financing-in-fintech-markets-a-transatlantic-discussion\/#primaryimage"},"image":{"@id":"https:\/\/tamarafschmidt.com\/financiamentos-alternativos\/alternative-financing-in-fintech-markets-a-transatlantic-discussion\/#primaryimage"},"thumbnailUrl":"https:\/\/tamarafschmidt.com\/wp-content\/uploads\/2022\/01\/Report-Release-Event-Cover-2-1024x576.png","datePublished":"2022-01-15T19:56:02+00:00","dateModified":"2022-05-27T13:49:05+00:00","description":"The release of the report: \"Alternative Financing in Fintech Markets - A Look at the German and Brazilian Entrepreneurial Ecosystems\".","breadcrumb":{"@id":"https:\/\/tamarafschmidt.com\/financiamentos-alternativos\/alternative-financing-in-fintech-markets-a-transatlantic-discussion\/#breadcrumb"},"inLanguage":"en-US","potentialAction":[{"@type":"ReadAction","target":["https:\/\/tamarafschmidt.com\/financiamentos-alternativos\/alternative-financing-in-fintech-markets-a-transatlantic-discussion\/"]}]},{"@type":"ImageObject","inLanguage":"en-US","@id":"https:\/\/tamarafschmidt.com\/financiamentos-alternativos\/alternative-financing-in-fintech-markets-a-transatlantic-discussion\/#primaryimage","url":"https:\/\/tamarafschmidt.com\/wp-content\/uploads\/2022\/01\/Report-Release-Event-Cover-2-1024x576.png","contentUrl":"https:\/\/tamarafschmidt.com\/wp-content\/uploads\/2022\/01\/Report-Release-Event-Cover-2-1024x576.png"},{"@type":"BreadcrumbList","@id":"https:\/\/tamarafschmidt.com\/financiamentos-alternativos\/alternative-financing-in-fintech-markets-a-transatlantic-discussion\/#breadcrumb","itemListElement":[{"@type":"ListItem","position":1,"name":"In\u00edcio","item":"https:\/\/tamarafschmidt.com\/"},{"@type":"ListItem","position":2,"name":"Financiamentos Alternativos","item":"https:\/\/tamarafschmidt.com\/financiamentos-alternativos\/"},{"@type":"ListItem","position":3,"name":"Alternative Financing in Fintech Markets &#8211; A Transatlantic Discussion"}]},{"@type":"WebSite","@id":"https:\/\/tamarafschmidt.com\/#website","url":"https:\/\/tamarafschmidt.com\/","name":"tamara f schmidt","description":"Tamara Ferreira Schmidt","publisher":{"@id":"https:\/\/tamarafschmidt.com\/#\/schema\/person\/694e0303ec81d93cd3e091857172db21"},"potentialAction":[{"@type":"SearchAction","target":{"@type":"EntryPoint","urlTemplate":"https:\/\/tamarafschmidt.com\/?s={search_term_string}"},"query-input":{"@type":"PropertyValueSpecification","valueRequired":true,"valueName":"search_term_string"}}],"inLanguage":"en-US"},{"@type":["Person","Organization"],"@id":"https:\/\/tamarafschmidt.com\/#\/schema\/person\/694e0303ec81d93cd3e091857172db21","name":"Tamara Ferreira Schmidt","image":{"@type":"ImageObject","inLanguage":"en-US","@id":"https:\/\/secure.gravatar.com\/avatar\/629e3f3c4fcb7d8422b7996253b72d1a28f2ee9946ea64897399b683a4d26d6f?s=96&d=mm&r=g","url":"https:\/\/secure.gravatar.com\/avatar\/629e3f3c4fcb7d8422b7996253b72d1a28f2ee9946ea64897399b683a4d26d6f?s=96&d=mm&r=g","contentUrl":"https:\/\/secure.gravatar.com\/avatar\/629e3f3c4fcb7d8422b7996253b72d1a28f2ee9946ea64897399b683a4d26d6f?s=96&d=mm&r=g","caption":"Tamara Ferreira Schmidt"},"logo":{"@id":"https:\/\/secure.gravatar.com\/avatar\/629e3f3c4fcb7d8422b7996253b72d1a28f2ee9946ea64897399b683a4d26d6f?s=96&d=mm&r=g"},"description":"F\u00edsica, empreendedora, especialista em mercado financeiro com fortes habilidades anal\u00edticas e quantitativas. Movida pela curiosidade e pelo objetivo de fazer a diferen\u00e7a atuo com inova\u00e7\u00e3o em iniciativas independentes."}]}},"jetpack_sharing_enabled":true,"_links":{"self":[{"href":"https:\/\/tamarafschmidt.com\/en\/wp-json\/wp\/v2\/pages\/1319","targetHints":{"allow":["GET"]}}],"collection":[{"href":"https:\/\/tamarafschmidt.com\/en\/wp-json\/wp\/v2\/pages"}],"about":[{"href":"https:\/\/tamarafschmidt.com\/en\/wp-json\/wp\/v2\/types\/page"}],"author":[{"embeddable":true,"href":"https:\/\/tamarafschmidt.com\/en\/wp-json\/wp\/v2\/users\/1"}],"replies":[{"embeddable":true,"href":"https:\/\/tamarafschmidt.com\/en\/wp-json\/wp\/v2\/comments?post=1319"}],"version-history":[{"count":11,"href":"https:\/\/tamarafschmidt.com\/en\/wp-json\/wp\/v2\/pages\/1319\/revisions"}],"predecessor-version":[{"id":1413,"href":"https:\/\/tamarafschmidt.com\/en\/wp-json\/wp\/v2\/pages\/1319\/revisions\/1413"}],"up":[{"embeddable":true,"href":"https:\/\/tamarafschmidt.com\/en\/wp-json\/wp\/v2\/pages\/1396"}],"wp:attachment":[{"href":"https:\/\/tamarafschmidt.com\/en\/wp-json\/wp\/v2\/media?parent=1319"}],"curies":[{"name":"wp","href":"https:\/\/api.w.org\/{rel}","templated":true}]}}