{"id":1475,"date":"2022-11-03T13:23:26","date_gmt":"2022-11-03T16:23:26","guid":{"rendered":"https:\/\/tamarafschmidt.com\/?page_id=1475"},"modified":"2023-01-31T08:05:00","modified_gmt":"2023-01-31T11:05:00","slug":"inovacao-startups","status":"publish","type":"page","link":"https:\/\/tamarafschmidt.com\/en\/inovacao-startups\/","title":{"rendered":"Innovation &amp; Startups"},"content":{"rendered":"<div class=\"wp-block-columns alignwide are-vertically-aligned-center is-layout-flex wp-container-core-columns-is-layout-28f84493 wp-block-columns-is-layout-flex\">\n<div class=\"wp-block-column is-vertically-aligned-center is-layout-flow wp-block-column-is-layout-flow\">\n<div class=\"wp-block-columns are-vertically-aligned-center is-layout-flex wp-container-core-columns-is-layout-28f84493 wp-block-columns-is-layout-flex\">\n<div class=\"wp-block-column is-vertically-aligned-center is-layout-flow wp-block-column-is-layout-flow\"><iframe loading=\"lazy\" class=\"embed-pdf-viewer\" src=\"https:\/\/tamarafschmidt.com\/wp-content\/uploads\/2023\/01\/SRBE-12-web.pdf\" height=\"600\" width=\"600\" title=\"SRBE-12-web\"><\/iframe>\n\n\n<p class=\"has-text-align-center translation-block\" style=\"font-size:12px\">I collaborated with the chapter: The role of startups in the area of<br>digitization and innovation<\/p>\n<\/div>\n\n\n\n<div class=\"wp-block-column is-vertically-aligned-center is-layout-flow wp-block-column-is-layout-flow\">\n<figure class=\"wp-block-embed aligncenter is-type-wp-embed is-provider-bundesverband-crowdfunding wp-block-embed-bundesverband-crowdfunding\"><div class=\"wp-block-embed__wrapper\">\n<blockquote class=\"wp-embedded-content\" data-secret=\"rxCzmhyOiX\"><a href=\"https:\/\/www.bundesverband-crowdfunding.de\/2021\/03\/femalefintech-women-in-financial-technology\/\">#femalefintech \u2013 Women in Financial Technology: &#8222;Financial education and investment planning are great tools to reduce inequality.&#8220;<\/a><\/blockquote><iframe loading=\"lazy\" class=\"wp-embedded-content\" sandbox=\"allow-scripts\" security=\"restricted\" style=\"position: absolute; clip: rect(1px, 1px, 1px, 1px);\" title=\"&#8222;#femalefintech \u2013 Women in Financial Technology: &#8222;Financial education and investment planning are great tools to reduce inequality.&#8220;&#8220; &#8212; Bundesverband Crowdfunding\" src=\"https:\/\/www.bundesverband-crowdfunding.de\/2021\/03\/femalefintech-women-in-financial-technology\/embed\/#?secret=MLhPkwNHjn#?secret=rxCzmhyOiX\" data-secret=\"rxCzmhyOiX\" width=\"600\" height=\"338\" frameborder=\"0\" marginwidth=\"0\" marginheight=\"0\" scrolling=\"no\"><\/iframe>\n<\/div><\/figure>\n\n\n\n<p class=\"has-text-align-center\" style=\"font-size:12px\">My thoughts on women's participation in the fintech market<\/p>\n<\/div>\n<\/div>\n<\/div>\n<\/div>\n\n\n\n<div style=\"height:60px\" aria-hidden=\"true\" class=\"wp-block-spacer\"><\/div>\n\n\n\n<div class=\"wp-block-columns alignwide are-vertically-aligned-center is-layout-flex wp-container-core-columns-is-layout-28f84493 wp-block-columns-is-layout-flex\">\n<div class=\"wp-block-column is-vertically-aligned-center is-layout-flow wp-block-column-is-layout-flow\"><div class=\"wp-block-image\">\n<figure class=\"aligncenter size-large is-resized\"><img loading=\"lazy\" decoding=\"async\" src=\"https:\/\/tamarafschmidt.com\/wp-content\/uploads\/2020\/05\/TechWeek-FATEC-1024x902.jpeg\" alt=\"\" class=\"wp-image-669\" width=\"512\" height=\"451\" srcset=\"https:\/\/tamarafschmidt.com\/wp-content\/uploads\/2020\/05\/TechWeek-FATEC-1024x902.jpeg 1024w, https:\/\/tamarafschmidt.com\/wp-content\/uploads\/2020\/05\/TechWeek-FATEC-300x264.jpeg 300w, https:\/\/tamarafschmidt.com\/wp-content\/uploads\/2020\/05\/TechWeek-FATEC-768x676.jpeg 768w, https:\/\/tamarafschmidt.com\/wp-content\/uploads\/2020\/05\/TechWeek-FATEC.jpeg 1280w\" sizes=\"auto, (max-width: 512px) 100vw, 512px\" \/><\/figure>\n<\/div>\n\n\n<div style=\"height:15px\" aria-hidden=\"true\" class=\"wp-block-spacer\"><\/div>\n\n\n\n<p class=\"has-text-align-center\" style=\"font-size:12px\">Speaking at Tech Week FATEC 2020<\/p>\n<\/div>\n\n\n\n<div class=\"wp-block-column is-vertically-aligned-center is-layout-flow wp-block-column-is-layout-flow\">\n<figure class=\"wp-block-image size-large\"><img loading=\"lazy\" decoding=\"async\" width=\"1024\" height=\"644\" src=\"https:\/\/tamarafschmidt.com\/wp-content\/uploads\/2020\/05\/SP-TechWeek-Palestra-1024x644.jpeg\" alt=\"\" class=\"wp-image-682\" srcset=\"https:\/\/tamarafschmidt.com\/wp-content\/uploads\/2020\/05\/SP-TechWeek-Palestra-1024x644.jpeg 1024w, https:\/\/tamarafschmidt.com\/wp-content\/uploads\/2020\/05\/SP-TechWeek-Palestra-300x189.jpeg 300w, https:\/\/tamarafschmidt.com\/wp-content\/uploads\/2020\/05\/SP-TechWeek-Palestra-768x483.jpeg 768w, https:\/\/tamarafschmidt.com\/wp-content\/uploads\/2020\/05\/SP-TechWeek-Palestra.jpeg 1144w\" sizes=\"auto, (max-width: 1024px) 100vw, 1024px\" \/><\/figure>\n\n\n\n<div style=\"height:15px\" aria-hidden=\"true\" class=\"wp-block-spacer\"><\/div>\n\n\n\n<p class=\"has-text-align-center\" style=\"font-size:12px\">Speaking at S\u00e3o Paulo Tech Week 2019<\/p>\n<\/div>\n<\/div>\n\n\n\n<div style=\"height:60px\" aria-hidden=\"true\" class=\"wp-block-spacer\"><\/div>\n\n\n\n<div class=\"wp-block-columns alignwide are-vertically-aligned-center is-layout-flex wp-container-core-columns-is-layout-28f84493 wp-block-columns-is-layout-flex\">\n<div class=\"wp-block-column is-vertically-aligned-center is-layout-flow wp-block-column-is-layout-flow\"><div class=\"wp-block-image\">\n<figure class=\"aligncenter size-large\"><img loading=\"lazy\" decoding=\"async\" width=\"1024\" height=\"684\" src=\"https:\/\/tamarafschmidt.com\/wp-content\/uploads\/2020\/05\/SWF-1024x684.jpeg\" alt=\"\" class=\"wp-image-696\" srcset=\"https:\/\/tamarafschmidt.com\/wp-content\/uploads\/2020\/05\/SWF-1024x684.jpeg 1024w, https:\/\/tamarafschmidt.com\/wp-content\/uploads\/2020\/05\/SWF-300x200.jpeg 300w, https:\/\/tamarafschmidt.com\/wp-content\/uploads\/2020\/05\/SWF-768x513.jpeg 768w, https:\/\/tamarafschmidt.com\/wp-content\/uploads\/2020\/05\/SWF-360x240.jpeg 360w, https:\/\/tamarafschmidt.com\/wp-content\/uploads\/2020\/05\/SWF.jpeg 1280w\" sizes=\"auto, (max-width: 1024px) 100vw, 1024px\" \/><\/figure>\n<\/div>\n\n\n<div style=\"height:15px\" aria-hidden=\"true\" class=\"wp-block-spacer\"><\/div>\n\n\n\n<p class=\"has-text-align-center\" style=\"font-size:12px\">Startup Weekend Fintech \u2013 S\u00e3o Paulo<\/p>\n<\/div>\n\n\n\n<div class=\"wp-block-column is-vertically-aligned-center is-layout-flow wp-block-column-is-layout-flow\"><div class=\"wp-block-image\">\n<figure class=\"aligncenter size-large\"><img loading=\"lazy\" decoding=\"async\" width=\"1024\" height=\"683\" src=\"https:\/\/tamarafschmidt.com\/wp-content\/uploads\/2020\/05\/Startup-Weekend-Women-1024x683.jpg\" alt=\"\" class=\"wp-image-673\" srcset=\"https:\/\/tamarafschmidt.com\/wp-content\/uploads\/2020\/05\/Startup-Weekend-Women-1024x683.jpg 1024w, https:\/\/tamarafschmidt.com\/wp-content\/uploads\/2020\/05\/Startup-Weekend-Women-300x200.jpg 300w, https:\/\/tamarafschmidt.com\/wp-content\/uploads\/2020\/05\/Startup-Weekend-Women-768x512.jpg 768w, https:\/\/tamarafschmidt.com\/wp-content\/uploads\/2020\/05\/Startup-Weekend-Women-1536x1024.jpg 1536w, https:\/\/tamarafschmidt.com\/wp-content\/uploads\/2020\/05\/Startup-Weekend-Women-2048x1365.jpg 2048w, https:\/\/tamarafschmidt.com\/wp-content\/uploads\/2020\/05\/Startup-Weekend-Women-360x240.jpg 360w\" sizes=\"auto, (max-width: 1024px) 100vw, 1024px\" \/><\/figure>\n<\/div>\n\n\n<div style=\"height:15px\" aria-hidden=\"true\" class=\"wp-block-spacer\"><\/div>\n\n\n\n<p class=\"has-text-align-center\" style=\"font-size:12px\">Startup Weekend Women \u2013 Campinas<\/p>\n<\/div>\n<\/div>\n\n\n\n<div style=\"height:60px\" aria-hidden=\"true\" class=\"wp-block-spacer\"><\/div>\n\n\n\n<div class=\"wp-block-columns alignwide are-vertically-aligned-center is-layout-flex wp-container-core-columns-is-layout-28f84493 wp-block-columns-is-layout-flex\">\n<div class=\"wp-block-column is-vertically-aligned-center is-layout-flow wp-block-column-is-layout-flow\"><div class=\"wp-block-image\">\n<figure class=\"aligncenter size-large is-resized\"><img loading=\"lazy\" decoding=\"async\" src=\"https:\/\/tamarafschmidt.com\/wp-content\/uploads\/2020\/01\/Google-Campus-672x1024.jpeg\" alt=\"\" class=\"wp-image-481\" width=\"402\" height=\"612\" srcset=\"https:\/\/tamarafschmidt.com\/wp-content\/uploads\/2020\/01\/Google-Campus-672x1024.jpeg 672w, https:\/\/tamarafschmidt.com\/wp-content\/uploads\/2020\/01\/Google-Campus-197x300.jpeg 197w, https:\/\/tamarafschmidt.com\/wp-content\/uploads\/2020\/01\/Google-Campus.jpeg 719w\" sizes=\"auto, (max-width: 402px) 100vw, 402px\" \/><\/figure>\n<\/div>\n\n\n<div style=\"height:15px\" aria-hidden=\"true\" class=\"wp-block-spacer\"><\/div>\n\n\n\n<p class=\"has-text-align-center\" style=\"font-size:12px\">Presentation at Google for Startups<\/p>\n<\/div>\n\n\n\n<div class=\"wp-block-column is-vertically-aligned-center is-layout-flow wp-block-column-is-layout-flow\"><\/div>\n<\/div>\n\n\n\n<div style=\"height:60px\" aria-hidden=\"true\" class=\"wp-block-spacer\"><\/div>","protected":false},"excerpt":{"rendered":"<p>Colaborei com o cap\u00edtulo: O papel das startups na \u00e1rea dedigitaliza\u00e7\u00e3o e inova\u00e7\u00e3o Meus pensamentos sobre a participa\u00e7\u00e3o das mulheres no mercado de fintechs Palestrando na Tech Week FATEC 2020 Palestrando na S\u00e3o Paulo Tech Week 2019 Startup Weekend Fintech \u2013 S\u00e3o Paulo Startup Weekend Women \u2013 Campinas Apresenta\u00e7\u00e3o no [&hellip;]<\/p>\n","protected":false},"author":1,"featured_media":0,"parent":0,"menu_order":0,"comment_status":"closed","ping_status":"closed","template":"","meta":{"footnotes":""},"class_list":["post-1475","page","type-page","status-publish","hentry"],"yoast_head":"<!-- This site is optimized with the Yoast SEO plugin v27.4 - https:\/\/yoast.com\/product\/yoast-seo-wordpress\/ -->\n<title>Inova\u00e7\u00e3o &amp; Startups - tamara f schmidt<\/title>\n<meta name=\"robots\" content=\"index, follow, max-snippet:-1, max-image-preview:large, max-video-preview:-1\" \/>\n<link rel=\"canonical\" href=\"https:\/\/tamarafschmidt.com\/en\/inovacao-startups\/\" \/>\n<meta property=\"og:locale\" content=\"en_US\" \/>\n<meta property=\"og:type\" content=\"article\" \/>\n<meta property=\"og:title\" content=\"Inova\u00e7\u00e3o &amp; Startups - tamara f schmidt\" \/>\n<meta property=\"og:description\" content=\"Colaborei com o cap\u00edtulo: O papel das startups na \u00e1rea dedigitaliza\u00e7\u00e3o e inova\u00e7\u00e3o Meus pensamentos sobre a participa\u00e7\u00e3o das mulheres no mercado de fintechs Palestrando na Tech Week FATEC 2020 Palestrando na S\u00e3o Paulo Tech Week 2019 Startup Weekend Fintech \u2013 S\u00e3o Paulo Startup Weekend Women \u2013 Campinas Apresenta\u00e7\u00e3o no [&hellip;]\" \/>\n<meta property=\"og:url\" content=\"https:\/\/tamarafschmidt.com\/en\/inovacao-startups\/\" \/>\n<meta property=\"og:site_name\" content=\"tamara f schmidt\" \/>\n<meta property=\"article:modified_time\" content=\"2023-01-31T11:05:00+00:00\" \/>\n<meta property=\"og:image\" content=\"https:\/\/tamarafschmidt.com\/wp-content\/uploads\/2020\/05\/TechWeek-FATEC-1024x902.jpeg\" \/>\n<meta name=\"twitter:card\" content=\"summary_large_image\" \/>\n<meta name=\"twitter:label1\" content=\"Est. reading time\" \/>\n\t<meta name=\"twitter:data1\" content=\"2 minutes\" \/>\n<script type=\"application\/ld+json\" class=\"yoast-schema-graph\">{\"@context\":\"https:\\\/\\\/schema.org\",\"@graph\":[{\"@type\":\"WebPage\",\"@id\":\"https:\\\/\\\/tamarafschmidt.com\\\/inovacao-startups\\\/\",\"url\":\"https:\\\/\\\/tamarafschmidt.com\\\/inovacao-startups\\\/\",\"name\":\"Inova\u00e7\u00e3o & Startups - tamara f schmidt\",\"isPartOf\":{\"@id\":\"https:\\\/\\\/tamarafschmidt.com\\\/#website\"},\"primaryImageOfPage\":{\"@id\":\"https:\\\/\\\/tamarafschmidt.com\\\/inovacao-startups\\\/#primaryimage\"},\"image\":{\"@id\":\"https:\\\/\\\/tamarafschmidt.com\\\/inovacao-startups\\\/#primaryimage\"},\"thumbnailUrl\":\"https:\\\/\\\/tamarafschmidt.com\\\/wp-content\\\/uploads\\\/2020\\\/05\\\/TechWeek-FATEC-1024x902.jpeg\",\"datePublished\":\"2022-11-03T16:23:26+00:00\",\"dateModified\":\"2023-01-31T11:05:00+00:00\",\"breadcrumb\":{\"@id\":\"https:\\\/\\\/tamarafschmidt.com\\\/inovacao-startups\\\/#breadcrumb\"},\"inLanguage\":\"en-US\",\"potentialAction\":[{\"@type\":\"ReadAction\",\"target\":[\"https:\\\/\\\/tamarafschmidt.com\\\/inovacao-startups\\\/\"]}]},{\"@type\":\"ImageObject\",\"inLanguage\":\"en-US\",\"@id\":\"https:\\\/\\\/tamarafschmidt.com\\\/inovacao-startups\\\/#primaryimage\",\"url\":\"https:\\\/\\\/tamarafschmidt.com\\\/wp-content\\\/uploads\\\/2020\\\/05\\\/TechWeek-FATEC-1024x902.jpeg\",\"contentUrl\":\"https:\\\/\\\/tamarafschmidt.com\\\/wp-content\\\/uploads\\\/2020\\\/05\\\/TechWeek-FATEC-1024x902.jpeg\"},{\"@type\":\"BreadcrumbList\",\"@id\":\"https:\\\/\\\/tamarafschmidt.com\\\/inovacao-startups\\\/#breadcrumb\",\"itemListElement\":[{\"@type\":\"ListItem\",\"position\":1,\"name\":\"In\u00edcio\",\"item\":\"https:\\\/\\\/tamarafschmidt.com\\\/\"},{\"@type\":\"ListItem\",\"position\":2,\"name\":\"Inova\u00e7\u00e3o &#038; Startups\"}]},{\"@type\":\"WebSite\",\"@id\":\"https:\\\/\\\/tamarafschmidt.com\\\/#website\",\"url\":\"https:\\\/\\\/tamarafschmidt.com\\\/\",\"name\":\"tamara f schmidt\",\"description\":\"Tamara Ferreira Schmidt\",\"publisher\":{\"@id\":\"https:\\\/\\\/tamarafschmidt.com\\\/#\\\/schema\\\/person\\\/694e0303ec81d93cd3e091857172db21\"},\"potentialAction\":[{\"@type\":\"SearchAction\",\"target\":{\"@type\":\"EntryPoint\",\"urlTemplate\":\"https:\\\/\\\/tamarafschmidt.com\\\/?s={search_term_string}\"},\"query-input\":{\"@type\":\"PropertyValueSpecification\",\"valueRequired\":true,\"valueName\":\"search_term_string\"}}],\"inLanguage\":\"en-US\"},{\"@type\":[\"Person\",\"Organization\"],\"@id\":\"https:\\\/\\\/tamarafschmidt.com\\\/#\\\/schema\\\/person\\\/694e0303ec81d93cd3e091857172db21\",\"name\":\"Tamara Ferreira Schmidt\",\"image\":{\"@type\":\"ImageObject\",\"inLanguage\":\"en-US\",\"@id\":\"https:\\\/\\\/secure.gravatar.com\\\/avatar\\\/629e3f3c4fcb7d8422b7996253b72d1a28f2ee9946ea64897399b683a4d26d6f?s=96&d=mm&r=g\",\"url\":\"https:\\\/\\\/secure.gravatar.com\\\/avatar\\\/629e3f3c4fcb7d8422b7996253b72d1a28f2ee9946ea64897399b683a4d26d6f?s=96&d=mm&r=g\",\"contentUrl\":\"https:\\\/\\\/secure.gravatar.com\\\/avatar\\\/629e3f3c4fcb7d8422b7996253b72d1a28f2ee9946ea64897399b683a4d26d6f?s=96&d=mm&r=g\",\"caption\":\"Tamara Ferreira Schmidt\"},\"logo\":{\"@id\":\"https:\\\/\\\/secure.gravatar.com\\\/avatar\\\/629e3f3c4fcb7d8422b7996253b72d1a28f2ee9946ea64897399b683a4d26d6f?s=96&d=mm&r=g\"},\"description\":\"F\u00edsica, empreendedora, especialista em mercado financeiro com fortes habilidades anal\u00edticas e quantitativas. Movida pela curiosidade e pelo objetivo de fazer a diferen\u00e7a atuo com inova\u00e7\u00e3o em iniciativas independentes.\"}]}<\/script>\n<!-- \/ Yoast SEO plugin. -->","yoast_head_json":{"title":"Inova\u00e7\u00e3o & Startups - tamara f schmidt","robots":{"index":"index","follow":"follow","max-snippet":"max-snippet:-1","max-image-preview":"max-image-preview:large","max-video-preview":"max-video-preview:-1"},"canonical":"https:\/\/tamarafschmidt.com\/en\/inovacao-startups\/","og_locale":"en_US","og_type":"article","og_title":"Inova\u00e7\u00e3o & Startups - tamara f schmidt","og_description":"Colaborei com o cap\u00edtulo: O papel das startups na \u00e1rea dedigitaliza\u00e7\u00e3o e inova\u00e7\u00e3o Meus pensamentos sobre a participa\u00e7\u00e3o das mulheres no mercado de fintechs Palestrando na Tech Week FATEC 2020 Palestrando na S\u00e3o Paulo Tech Week 2019 Startup Weekend Fintech \u2013 S\u00e3o Paulo Startup Weekend Women \u2013 Campinas Apresenta\u00e7\u00e3o no [&hellip;]","og_url":"https:\/\/tamarafschmidt.com\/en\/inovacao-startups\/","og_site_name":"tamara f schmidt","article_modified_time":"2023-01-31T11:05:00+00:00","og_image":[{"url":"https:\/\/tamarafschmidt.com\/wp-content\/uploads\/2020\/05\/TechWeek-FATEC-1024x902.jpeg","type":"","width":"","height":""}],"twitter_card":"summary_large_image","twitter_misc":{"Est. reading time":"2 minutes"},"schema":{"@context":"https:\/\/schema.org","@graph":[{"@type":"WebPage","@id":"https:\/\/tamarafschmidt.com\/inovacao-startups\/","url":"https:\/\/tamarafschmidt.com\/inovacao-startups\/","name":"Inova\u00e7\u00e3o & Startups - tamara f schmidt","isPartOf":{"@id":"https:\/\/tamarafschmidt.com\/#website"},"primaryImageOfPage":{"@id":"https:\/\/tamarafschmidt.com\/inovacao-startups\/#primaryimage"},"image":{"@id":"https:\/\/tamarafschmidt.com\/inovacao-startups\/#primaryimage"},"thumbnailUrl":"https:\/\/tamarafschmidt.com\/wp-content\/uploads\/2020\/05\/TechWeek-FATEC-1024x902.jpeg","datePublished":"2022-11-03T16:23:26+00:00","dateModified":"2023-01-31T11:05:00+00:00","breadcrumb":{"@id":"https:\/\/tamarafschmidt.com\/inovacao-startups\/#breadcrumb"},"inLanguage":"en-US","potentialAction":[{"@type":"ReadAction","target":["https:\/\/tamarafschmidt.com\/inovacao-startups\/"]}]},{"@type":"ImageObject","inLanguage":"en-US","@id":"https:\/\/tamarafschmidt.com\/inovacao-startups\/#primaryimage","url":"https:\/\/tamarafschmidt.com\/wp-content\/uploads\/2020\/05\/TechWeek-FATEC-1024x902.jpeg","contentUrl":"https:\/\/tamarafschmidt.com\/wp-content\/uploads\/2020\/05\/TechWeek-FATEC-1024x902.jpeg"},{"@type":"BreadcrumbList","@id":"https:\/\/tamarafschmidt.com\/inovacao-startups\/#breadcrumb","itemListElement":[{"@type":"ListItem","position":1,"name":"In\u00edcio","item":"https:\/\/tamarafschmidt.com\/"},{"@type":"ListItem","position":2,"name":"Inova\u00e7\u00e3o &#038; Startups"}]},{"@type":"WebSite","@id":"https:\/\/tamarafschmidt.com\/#website","url":"https:\/\/tamarafschmidt.com\/","name":"tamara f schmidt","description":"Tamara Ferreira Schmidt","publisher":{"@id":"https:\/\/tamarafschmidt.com\/#\/schema\/person\/694e0303ec81d93cd3e091857172db21"},"potentialAction":[{"@type":"SearchAction","target":{"@type":"EntryPoint","urlTemplate":"https:\/\/tamarafschmidt.com\/?s={search_term_string}"},"query-input":{"@type":"PropertyValueSpecification","valueRequired":true,"valueName":"search_term_string"}}],"inLanguage":"en-US"},{"@type":["Person","Organization"],"@id":"https:\/\/tamarafschmidt.com\/#\/schema\/person\/694e0303ec81d93cd3e091857172db21","name":"Tamara Ferreira Schmidt","image":{"@type":"ImageObject","inLanguage":"en-US","@id":"https:\/\/secure.gravatar.com\/avatar\/629e3f3c4fcb7d8422b7996253b72d1a28f2ee9946ea64897399b683a4d26d6f?s=96&d=mm&r=g","url":"https:\/\/secure.gravatar.com\/avatar\/629e3f3c4fcb7d8422b7996253b72d1a28f2ee9946ea64897399b683a4d26d6f?s=96&d=mm&r=g","contentUrl":"https:\/\/secure.gravatar.com\/avatar\/629e3f3c4fcb7d8422b7996253b72d1a28f2ee9946ea64897399b683a4d26d6f?s=96&d=mm&r=g","caption":"Tamara Ferreira Schmidt"},"logo":{"@id":"https:\/\/secure.gravatar.com\/avatar\/629e3f3c4fcb7d8422b7996253b72d1a28f2ee9946ea64897399b683a4d26d6f?s=96&d=mm&r=g"},"description":"F\u00edsica, empreendedora, especialista em mercado financeiro com fortes habilidades anal\u00edticas e quantitativas. Movida pela curiosidade e pelo objetivo de fazer a diferen\u00e7a atuo com inova\u00e7\u00e3o em iniciativas independentes."}]}},"jetpack_sharing_enabled":true,"_links":{"self":[{"href":"https:\/\/tamarafschmidt.com\/en\/wp-json\/wp\/v2\/pages\/1475","targetHints":{"allow":["GET"]}}],"collection":[{"href":"https:\/\/tamarafschmidt.com\/en\/wp-json\/wp\/v2\/pages"}],"about":[{"href":"https:\/\/tamarafschmidt.com\/en\/wp-json\/wp\/v2\/types\/page"}],"author":[{"embeddable":true,"href":"https:\/\/tamarafschmidt.com\/en\/wp-json\/wp\/v2\/users\/1"}],"replies":[{"embeddable":true,"href":"https:\/\/tamarafschmidt.com\/en\/wp-json\/wp\/v2\/comments?post=1475"}],"version-history":[{"count":9,"href":"https:\/\/tamarafschmidt.com\/en\/wp-json\/wp\/v2\/pages\/1475\/revisions"}],"predecessor-version":[{"id":1539,"href":"https:\/\/tamarafschmidt.com\/en\/wp-json\/wp\/v2\/pages\/1475\/revisions\/1539"}],"wp:attachment":[{"href":"https:\/\/tamarafschmidt.com\/en\/wp-json\/wp\/v2\/media?parent=1475"}],"curies":[{"name":"wp","href":"https:\/\/api.w.org\/{rel}","templated":true}]}}