{"id":741,"date":"2020-05-17T11:34:37","date_gmt":"2020-05-17T14:34:37","guid":{"rendered":"https:\/\/tamarafschmidt.com\/?page_id=741"},"modified":"2022-10-26T11:48:41","modified_gmt":"2022-10-26T14:48:41","slug":"afinal-o-que-e-uma-startup","status":"publish","type":"page","link":"https:\/\/tamarafschmidt.com\/en\/palestras-cursos\/afinal-o-que-e-uma-startup\/","title":{"rendered":"Afinal, o que \u00e9 uma Startup?"},"content":{"rendered":"<p>O termo <strong>\u201cstartup\u201d<\/strong> nunca esteve t\u00e3o presente no nosso cotidiano. M\u00eddias sociais, programas de televis\u00e3o, grupos do whatsapp, aparentemente todos j\u00e1 incorporaram na sua rotina essa <strong>nova forma de neg\u00f3cio<\/strong> como algo quase que <strong>natural da nossa economia<\/strong>.<\/p>\n\n\n\n<p>No entanto, pouco se fala sobre <strong>o que de fato \u00e9 uma startup<\/strong> e o que est\u00e1 por tr\u00e1s de toda essa <strong>glamouriza\u00e7\u00e3o<\/strong>. As conversas e discuss\u00f5es focam em assuntos mais avan\u00e7ados deixando de lado os conceitos fundamentais, indispens\u00e1veis para a constru\u00e7\u00e3o de um pensamento cr\u00edtico acerca do assunto.<\/p>\n\n\n\n<p>Al\u00e9m disso, o <strong>excesso de informa\u00e7\u00e3o<\/strong> muitas vezes contradit\u00f3ria prejudica o entendimento e promove a propaga\u00e7\u00e3o de conceitos incorretos afastando os interessados da discuss\u00e3o.<\/p>\n\n\n\n<p>Se voc\u00ea sempre quis entender o que \u00e9 uma startup e n\u00e3o sabe pra quem perguntar venha fazer parte dessa conversa e <strong>esclarecer de uma vez por todas o que faz uma startup ser uma startup<\/strong>.<\/p>\n\n\n<div class=\"wp-block-image\">\n<figure class=\"aligncenter size-large\"><img loading=\"lazy\" decoding=\"async\" width=\"1024\" height=\"683\" src=\"https:\/\/tamarafschmidt.com\/wp-content\/uploads\/2020\/05\/danielle-macinnes-IuLgi9PWETU-unsplash-1024x683.jpg\" alt=\"x\u00edcara de caf\u00e9 com os dizeres &quot;begin&quot; simbolizando o nascimento de uma empresa, assim como as startups.\" class=\"wp-image-758\" srcset=\"https:\/\/tamarafschmidt.com\/wp-content\/uploads\/2020\/05\/danielle-macinnes-IuLgi9PWETU-unsplash-1024x683.jpg 1024w, https:\/\/tamarafschmidt.com\/wp-content\/uploads\/2020\/05\/danielle-macinnes-IuLgi9PWETU-unsplash-300x200.jpg 300w, https:\/\/tamarafschmidt.com\/wp-content\/uploads\/2020\/05\/danielle-macinnes-IuLgi9PWETU-unsplash-768x512.jpg 768w, https:\/\/tamarafschmidt.com\/wp-content\/uploads\/2020\/05\/danielle-macinnes-IuLgi9PWETU-unsplash-1536x1024.jpg 1536w, https:\/\/tamarafschmidt.com\/wp-content\/uploads\/2020\/05\/danielle-macinnes-IuLgi9PWETU-unsplash-2048x1365.jpg 2048w, https:\/\/tamarafschmidt.com\/wp-content\/uploads\/2020\/05\/danielle-macinnes-IuLgi9PWETU-unsplash-360x240.jpg 360w\" sizes=\"auto, (max-width: 1024px) 100vw, 1024px\" \/><figcaption>Photo by\u00a0<a href=\"https:\/\/unsplash.com\/@dsmacinnes?utm_source=unsplash&amp;utm_medium=referral&amp;utm_content=creditCopyText\" target=\"_blank\" rel=\"noreferrer noopener\">Danielle MacInnes<\/a>\u00a0on\u00a0<a href=\"https:\/\/unsplash.com\/s\/photos\/startup?utm_source=unsplash&amp;utm_medium=referral&amp;utm_content=creditCopyText\" target=\"_blank\" rel=\"noreferrer noopener\">Unsplash<\/a><\/figcaption><\/figure>\n<\/div>\n\n\n<h6 class=\"wp-block-heading\">PARA QUEM \u00c9 ESSA PALESTRA?<\/h6>\n\n\n\n<p>Ela foi pensada para voc\u00ea que quer:<\/p>\n\n\n\n<ul class=\"wp-block-list\"><li>Entender o que \u00e9 startup e n\u00e3o sabe para quem perguntar;<\/li><li>Empreender e entender como isso acontece atrav\u00e9s de uma startup;<\/li><li>Adquirir novos conhecimentos e se atualizar com a linguagem do mercado;<\/li><li>Iniciar a inova\u00e7\u00e3o corporativa dentro da sua empresa.<\/li><\/ul>\n\n\n\n<h6 class=\"wp-block-heading\">T\u00d3PICOS ABORDADOS<\/h6>\n\n\n\n<ul class=\"wp-block-list\"><li>Origem, hist\u00f3ria e contextualiza\u00e7\u00e3o<\/li><li>Startup\u00eas &#8211; dicion\u00e1rio da linguagem startup<\/li><li>Categorias \/ classifica\u00e7\u00e3o<\/li><li>Mitos e verdades<\/li><li>Estat\u00edsticas, sucessos, fracassos nacionais e internacionais<\/li><li>Startups X corpora\u00e7\u00f5es<\/li><li>Impactos na economia e na sociedade<\/li><li>Ecossistema brasileiro<\/li><li>Desafios e oportunidades<\/li><\/ul>\n\n\n\n<h6 class=\"wp-block-heading\">DURA\u00c7\u00c3O E FORMATOS<\/h6>\n\n\n\n<p>1h30 nos formatos presencial ou on-line.<\/p>\n\n\n\n<div style=\"height:100px\" aria-hidden=\"true\" class=\"wp-block-spacer\"><\/div>\n\n\n\n<h2 class=\"has-text-align-center wp-block-heading\">O que diz minha audi\u00eancia<\/h2>\n\n\n\n<div style=\"height:60px\" aria-hidden=\"true\" class=\"wp-block-spacer\"><\/div>\n\n\n\n<div class=\"wp-block-columns alignwide are-vertically-aligned-top is-layout-flex wp-container-core-columns-is-layout-28f84493 wp-block-columns-is-layout-flex\">\n<div class=\"wp-block-column is-vertically-aligned-top is-layout-flow wp-block-column-is-layout-flow\"><div class=\"wp-block-image is-style-rounded\">\n<figure class=\"aligncenter size-full is-resized\"><img loading=\"lazy\" decoding=\"async\" src=\"https:\/\/tamarafschmidt.com\/wp-content\/uploads\/2020\/05\/amanda.jpeg\" alt=\"\" class=\"wp-image-768\" width=\"150\" height=\"150\" srcset=\"https:\/\/tamarafschmidt.com\/wp-content\/uploads\/2020\/05\/amanda.jpeg 200w, https:\/\/tamarafschmidt.com\/wp-content\/uploads\/2020\/05\/amanda-150x150.jpeg 150w\" sizes=\"auto, (max-width: 150px) 100vw, 150px\" \/><\/figure>\n<\/div>\n\n\n<p class=\"has-text-align-center\"><strong><a href=\"http:\/\/linkedin.com\/in\/amanda-colmenero-bezerra-1a596517\" target=\"_blank\" rel=\"noreferrer noopener\">Amanda Colmenero<\/a><\/strong><\/p>\n\n\n\n<p class=\"has-text-align-center\">&#8220;Eu gostei da l\u00f3gica em que o conte\u00fado foi apresentado e dos diversos temas que foram abordados e que comp\u00f5em uma startup. Eu adorei! Sai muito empolgada!&#8221;<\/p>\n\n\n<div class=\"wp-block-image\">\n<figure class=\"aligncenter size-full is-resized\"><img loading=\"lazy\" decoding=\"async\" src=\"https:\/\/tamarafschmidt.com\/wp-content\/uploads\/2022\/10\/5-Stars-PNG-HD-Quality.png\" alt=\"\" class=\"wp-image-1465\" width=\"171\" height=\"65\" srcset=\"https:\/\/tamarafschmidt.com\/wp-content\/uploads\/2022\/10\/5-Stars-PNG-HD-Quality.png 685w, https:\/\/tamarafschmidt.com\/wp-content\/uploads\/2022\/10\/5-Stars-PNG-HD-Quality-300x114.png 300w, https:\/\/tamarafschmidt.com\/wp-content\/uploads\/2022\/10\/5-Stars-PNG-HD-Quality-18x7.png 18w\" sizes=\"auto, (max-width: 171px) 100vw, 171px\" \/><\/figure>\n<\/div><\/div>\n\n\n\n<div class=\"wp-block-column is-vertically-aligned-top is-layout-flow wp-block-column-is-layout-flow\"><div class=\"wp-block-image is-style-rounded\">\n<figure class=\"aligncenter size-full is-resized\"><img loading=\"lazy\" decoding=\"async\" src=\"https:\/\/tamarafschmidt.com\/wp-content\/uploads\/2020\/05\/Felipe2.jpeg\" alt=\"\" class=\"wp-image-783\" width=\"160\" height=\"160\" srcset=\"https:\/\/tamarafschmidt.com\/wp-content\/uploads\/2020\/05\/Felipe2.jpeg 640w, https:\/\/tamarafschmidt.com\/wp-content\/uploads\/2020\/05\/Felipe2-300x300.jpeg 300w, https:\/\/tamarafschmidt.com\/wp-content\/uploads\/2020\/05\/Felipe2-150x150.jpeg 150w\" sizes=\"auto, (max-width: 160px) 100vw, 160px\" \/><\/figure>\n<\/div>\n\n\n<p class=\"has-text-align-center\"><strong><a href=\"https:\/\/www.linkedin.com\/in\/felipe-kenji-chikuji\/\" target=\"_blank\" rel=\"noreferrer noopener\">Felipe Kenji Chikuji<\/a><\/strong><\/p>\n\n\n\n<p class=\"has-text-align-center\">&#8220;Muita informa\u00e7\u00e3o valiosa em pouco tempo. Recomendo!&#8221;<\/p>\n\n\n<div class=\"wp-block-image\">\n<figure class=\"aligncenter size-full is-resized\"><img loading=\"lazy\" decoding=\"async\" src=\"https:\/\/tamarafschmidt.com\/wp-content\/uploads\/2022\/10\/5-Stars-PNG-HD-Quality.png\" alt=\"\" class=\"wp-image-1465\" width=\"171\" height=\"65\" srcset=\"https:\/\/tamarafschmidt.com\/wp-content\/uploads\/2022\/10\/5-Stars-PNG-HD-Quality.png 685w, https:\/\/tamarafschmidt.com\/wp-content\/uploads\/2022\/10\/5-Stars-PNG-HD-Quality-300x114.png 300w, https:\/\/tamarafschmidt.com\/wp-content\/uploads\/2022\/10\/5-Stars-PNG-HD-Quality-18x7.png 18w\" sizes=\"auto, (max-width: 171px) 100vw, 171px\" \/><\/figure>\n<\/div><\/div>\n\n\n\n<div class=\"wp-block-column is-vertically-aligned-top is-layout-flow wp-block-column-is-layout-flow\"><div class=\"wp-block-image is-style-rounded\">\n<figure class=\"aligncenter size-full is-resized\"><img loading=\"lazy\" decoding=\"async\" src=\"https:\/\/tamarafschmidt.com\/wp-content\/uploads\/2020\/05\/Flavio.jpeg\" alt=\"\" class=\"wp-image-786\" width=\"150\" height=\"150\" srcset=\"https:\/\/tamarafschmidt.com\/wp-content\/uploads\/2020\/05\/Flavio.jpeg 200w, https:\/\/tamarafschmidt.com\/wp-content\/uploads\/2020\/05\/Flavio-150x150.jpeg 150w\" sizes=\"auto, (max-width: 150px) 100vw, 150px\" \/><\/figure>\n<\/div>\n\n\n<p class=\"has-text-align-center\"><strong><a href=\"https:\/\/www.linkedin.com\/in\/flavio-da-silva-santos-334888174\/\" target=\"_blank\" rel=\"noreferrer noopener\">Flavio da Silva Santos<\/a><\/strong><\/p>\n\n\n\n<p class=\"has-text-align-center\">&#8220;Rica apresenta\u00e7\u00e3o. Adorei assistir a palestra. Recomendo sem d\u00favida!&#8221;<\/p>\n\n\n<div class=\"wp-block-image\">\n<figure class=\"aligncenter size-full is-resized\"><img loading=\"lazy\" decoding=\"async\" src=\"https:\/\/tamarafschmidt.com\/wp-content\/uploads\/2022\/10\/5-Stars-PNG-HD-Quality.png\" alt=\"\" class=\"wp-image-1465\" width=\"171\" height=\"65\" srcset=\"https:\/\/tamarafschmidt.com\/wp-content\/uploads\/2022\/10\/5-Stars-PNG-HD-Quality.png 685w, https:\/\/tamarafschmidt.com\/wp-content\/uploads\/2022\/10\/5-Stars-PNG-HD-Quality-300x114.png 300w, https:\/\/tamarafschmidt.com\/wp-content\/uploads\/2022\/10\/5-Stars-PNG-HD-Quality-18x7.png 18w\" sizes=\"auto, (max-width: 171px) 100vw, 171px\" \/><\/figure>\n<\/div><\/div>\n<\/div>\n\n\n\n<div class=\"wp-block-buttons is-content-justification-center is-layout-flex wp-container-core-buttons-is-layout-a89b3969 wp-block-buttons-is-layout-flex\">\n<div class=\"wp-block-button\"><a class=\"wp-block-button__link has-accent-background-color has-background\" href=\"https:\/\/www.sympla.com.br\/afinal-o-que-e-uma-startup__868806\" style=\"border-radius:3px\" target=\"_blank\" rel=\"noreferrer noopener\">Increva-se na pr\u00f3xima turma!<\/a><\/div>\n\n\n\n<div class=\"wp-block-button\"><a class=\"wp-block-button__link has-accent-background-color has-background\" href=\"https:\/\/tamarafschmidt.com\/en\/customizacao\/\" style=\"border-radius:3px\" target=\"_blank\" rel=\"noreferrer noopener\">Customize para a sua equipe!<\/a><\/div>\n<\/div>\n\n\n\n<div class=\"wp-block-group alignwide\"><div class=\"wp-block-group__inner-container is-layout-flow wp-block-group-is-layout-flow\">\n<div class=\"wp-block-buttons is-layout-flex wp-block-buttons-is-layout-flex\"><\/div>\n<\/div><\/div>\n\n\n\n<div style=\"height:60px\" aria-hidden=\"true\" class=\"wp-block-spacer\"><\/div>\n\n\n\n<p><\/p>","protected":false},"excerpt":{"rendered":"<p>O termo \u201cstartup\u201d nunca esteve t\u00e3o presente no nosso cotidiano. M\u00eddias sociais, programas de televis\u00e3o, grupos do whatsapp, aparentemente todos j\u00e1 incorporaram na sua rotina essa nova forma de neg\u00f3cio como algo quase que natural da nossa economia. No entanto, pouco se fala sobre o que de fato \u00e9 uma [&hellip;]<\/p>\n","protected":false},"author":1,"featured_media":0,"parent":42,"menu_order":0,"comment_status":"closed","ping_status":"closed","template":"","meta":{"footnotes":""},"class_list":["post-741","page","type-page","status-publish","hentry"],"yoast_head":"<!-- This site is optimized with the Yoast SEO plugin v27.4 - https:\/\/yoast.com\/product\/yoast-seo-wordpress\/ -->\n<title>Palestra: Afinal, o que \u00e9 uma Startup? - tamara f schmidt<\/title>\n<meta name=\"description\" content=\"Se voc\u00ea sempre quis entender o que \u00e9 uma startup e n\u00e3o sabe pra quem perguntar venha fazer parte dessa conversa e esclarecer de uma vez por todas.\" \/>\n<meta name=\"robots\" content=\"index, follow, max-snippet:-1, max-image-preview:large, max-video-preview:-1\" \/>\n<link rel=\"canonical\" href=\"https:\/\/tamarafschmidt.com\/en\/palestras-cursos\/afinal-o-que-e-uma-startup\/\" \/>\n<meta property=\"og:locale\" content=\"en_US\" \/>\n<meta property=\"og:type\" content=\"article\" \/>\n<meta property=\"og:title\" content=\"Palestra: Afinal, o que \u00e9 uma Startup? - tamara f schmidt\" \/>\n<meta property=\"og:description\" content=\"Se voc\u00ea sempre quis entender o que \u00e9 uma startup e n\u00e3o sabe pra quem perguntar venha fazer parte dessa conversa e esclarecer de uma vez por todas.\" \/>\n<meta property=\"og:url\" content=\"https:\/\/tamarafschmidt.com\/en\/palestras-cursos\/afinal-o-que-e-uma-startup\/\" \/>\n<meta property=\"og:site_name\" content=\"tamara f schmidt\" \/>\n<meta property=\"article:modified_time\" content=\"2022-10-26T14:48:41+00:00\" \/>\n<meta property=\"og:image\" content=\"https:\/\/tamarafschmidt.com\/wp-content\/uploads\/2020\/05\/danielle-macinnes-IuLgi9PWETU-unsplash-1024x683.jpg\" \/>\n<meta name=\"twitter:card\" content=\"summary_large_image\" \/>\n<meta name=\"twitter:label1\" content=\"Est. reading time\" \/>\n\t<meta name=\"twitter:data1\" content=\"4 minutes\" \/>\n<script type=\"application\/ld+json\" class=\"yoast-schema-graph\">{\"@context\":\"https:\\\/\\\/schema.org\",\"@graph\":[{\"@type\":\"WebPage\",\"@id\":\"https:\\\/\\\/tamarafschmidt.com\\\/palestras-cursos\\\/afinal-o-que-e-uma-startup\\\/\",\"url\":\"https:\\\/\\\/tamarafschmidt.com\\\/palestras-cursos\\\/afinal-o-que-e-uma-startup\\\/\",\"name\":\"Palestra: Afinal, o que \u00e9 uma Startup? - tamara f schmidt\",\"isPartOf\":{\"@id\":\"https:\\\/\\\/tamarafschmidt.com\\\/#website\"},\"primaryImageOfPage\":{\"@id\":\"https:\\\/\\\/tamarafschmidt.com\\\/palestras-cursos\\\/afinal-o-que-e-uma-startup\\\/#primaryimage\"},\"image\":{\"@id\":\"https:\\\/\\\/tamarafschmidt.com\\\/palestras-cursos\\\/afinal-o-que-e-uma-startup\\\/#primaryimage\"},\"thumbnailUrl\":\"https:\\\/\\\/tamarafschmidt.com\\\/wp-content\\\/uploads\\\/2020\\\/05\\\/danielle-macinnes-IuLgi9PWETU-unsplash-1024x683.jpg\",\"datePublished\":\"2020-05-17T14:34:37+00:00\",\"dateModified\":\"2022-10-26T14:48:41+00:00\",\"description\":\"Se voc\u00ea sempre quis entender o que \u00e9 uma startup e n\u00e3o sabe pra quem perguntar venha fazer parte dessa conversa e esclarecer de uma vez por todas.\",\"breadcrumb\":{\"@id\":\"https:\\\/\\\/tamarafschmidt.com\\\/palestras-cursos\\\/afinal-o-que-e-uma-startup\\\/#breadcrumb\"},\"inLanguage\":\"en-US\",\"potentialAction\":[{\"@type\":\"ReadAction\",\"target\":[\"https:\\\/\\\/tamarafschmidt.com\\\/palestras-cursos\\\/afinal-o-que-e-uma-startup\\\/\"]}]},{\"@type\":\"ImageObject\",\"inLanguage\":\"en-US\",\"@id\":\"https:\\\/\\\/tamarafschmidt.com\\\/palestras-cursos\\\/afinal-o-que-e-uma-startup\\\/#primaryimage\",\"url\":\"https:\\\/\\\/tamarafschmidt.com\\\/wp-content\\\/uploads\\\/2020\\\/05\\\/danielle-macinnes-IuLgi9PWETU-unsplash-1024x683.jpg\",\"contentUrl\":\"https:\\\/\\\/tamarafschmidt.com\\\/wp-content\\\/uploads\\\/2020\\\/05\\\/danielle-macinnes-IuLgi9PWETU-unsplash-1024x683.jpg\"},{\"@type\":\"BreadcrumbList\",\"@id\":\"https:\\\/\\\/tamarafschmidt.com\\\/palestras-cursos\\\/afinal-o-que-e-uma-startup\\\/#breadcrumb\",\"itemListElement\":[{\"@type\":\"ListItem\",\"position\":1,\"name\":\"In\u00edcio\",\"item\":\"https:\\\/\\\/tamarafschmidt.com\\\/\"},{\"@type\":\"ListItem\",\"position\":2,\"name\":\"Palestras \\\/ Cursos\",\"item\":\"https:\\\/\\\/tamarafschmidt.com\\\/palestras-cursos\\\/\"},{\"@type\":\"ListItem\",\"position\":3,\"name\":\"Afinal, o que \u00e9 uma Startup?\"}]},{\"@type\":\"WebSite\",\"@id\":\"https:\\\/\\\/tamarafschmidt.com\\\/#website\",\"url\":\"https:\\\/\\\/tamarafschmidt.com\\\/\",\"name\":\"tamara f schmidt\",\"description\":\"Tamara Ferreira Schmidt\",\"publisher\":{\"@id\":\"https:\\\/\\\/tamarafschmidt.com\\\/#\\\/schema\\\/person\\\/694e0303ec81d93cd3e091857172db21\"},\"potentialAction\":[{\"@type\":\"SearchAction\",\"target\":{\"@type\":\"EntryPoint\",\"urlTemplate\":\"https:\\\/\\\/tamarafschmidt.com\\\/?s={search_term_string}\"},\"query-input\":{\"@type\":\"PropertyValueSpecification\",\"valueRequired\":true,\"valueName\":\"search_term_string\"}}],\"inLanguage\":\"en-US\"},{\"@type\":[\"Person\",\"Organization\"],\"@id\":\"https:\\\/\\\/tamarafschmidt.com\\\/#\\\/schema\\\/person\\\/694e0303ec81d93cd3e091857172db21\",\"name\":\"Tamara Ferreira Schmidt\",\"image\":{\"@type\":\"ImageObject\",\"inLanguage\":\"en-US\",\"@id\":\"https:\\\/\\\/secure.gravatar.com\\\/avatar\\\/629e3f3c4fcb7d8422b7996253b72d1a28f2ee9946ea64897399b683a4d26d6f?s=96&d=mm&r=g\",\"url\":\"https:\\\/\\\/secure.gravatar.com\\\/avatar\\\/629e3f3c4fcb7d8422b7996253b72d1a28f2ee9946ea64897399b683a4d26d6f?s=96&d=mm&r=g\",\"contentUrl\":\"https:\\\/\\\/secure.gravatar.com\\\/avatar\\\/629e3f3c4fcb7d8422b7996253b72d1a28f2ee9946ea64897399b683a4d26d6f?s=96&d=mm&r=g\",\"caption\":\"Tamara Ferreira Schmidt\"},\"logo\":{\"@id\":\"https:\\\/\\\/secure.gravatar.com\\\/avatar\\\/629e3f3c4fcb7d8422b7996253b72d1a28f2ee9946ea64897399b683a4d26d6f?s=96&d=mm&r=g\"},\"description\":\"F\u00edsica, empreendedora, especialista em mercado financeiro com fortes habilidades anal\u00edticas e quantitativas. Movida pela curiosidade e pelo objetivo de fazer a diferen\u00e7a atuo com inova\u00e7\u00e3o em iniciativas independentes.\"}]}<\/script>\n<!-- \/ Yoast SEO plugin. -->","yoast_head_json":{"title":"Palestra: Afinal, o que \u00e9 uma Startup? - tamara f schmidt","description":"Se voc\u00ea sempre quis entender o que \u00e9 uma startup e n\u00e3o sabe pra quem perguntar venha fazer parte dessa conversa e esclarecer de uma vez por todas.","robots":{"index":"index","follow":"follow","max-snippet":"max-snippet:-1","max-image-preview":"max-image-preview:large","max-video-preview":"max-video-preview:-1"},"canonical":"https:\/\/tamarafschmidt.com\/en\/palestras-cursos\/afinal-o-que-e-uma-startup\/","og_locale":"en_US","og_type":"article","og_title":"Palestra: Afinal, o que \u00e9 uma Startup? - tamara f schmidt","og_description":"Se voc\u00ea sempre quis entender o que \u00e9 uma startup e n\u00e3o sabe pra quem perguntar venha fazer parte dessa conversa e esclarecer de uma vez por todas.","og_url":"https:\/\/tamarafschmidt.com\/en\/palestras-cursos\/afinal-o-que-e-uma-startup\/","og_site_name":"tamara f schmidt","article_modified_time":"2022-10-26T14:48:41+00:00","og_image":[{"url":"https:\/\/tamarafschmidt.com\/wp-content\/uploads\/2020\/05\/danielle-macinnes-IuLgi9PWETU-unsplash-1024x683.jpg","type":"","width":"","height":""}],"twitter_card":"summary_large_image","twitter_misc":{"Est. reading time":"4 minutes"},"schema":{"@context":"https:\/\/schema.org","@graph":[{"@type":"WebPage","@id":"https:\/\/tamarafschmidt.com\/palestras-cursos\/afinal-o-que-e-uma-startup\/","url":"https:\/\/tamarafschmidt.com\/palestras-cursos\/afinal-o-que-e-uma-startup\/","name":"Palestra: Afinal, o que \u00e9 uma Startup? - tamara f schmidt","isPartOf":{"@id":"https:\/\/tamarafschmidt.com\/#website"},"primaryImageOfPage":{"@id":"https:\/\/tamarafschmidt.com\/palestras-cursos\/afinal-o-que-e-uma-startup\/#primaryimage"},"image":{"@id":"https:\/\/tamarafschmidt.com\/palestras-cursos\/afinal-o-que-e-uma-startup\/#primaryimage"},"thumbnailUrl":"https:\/\/tamarafschmidt.com\/wp-content\/uploads\/2020\/05\/danielle-macinnes-IuLgi9PWETU-unsplash-1024x683.jpg","datePublished":"2020-05-17T14:34:37+00:00","dateModified":"2022-10-26T14:48:41+00:00","description":"Se voc\u00ea sempre quis entender o que \u00e9 uma startup e n\u00e3o sabe pra quem perguntar venha fazer parte dessa conversa e esclarecer de uma vez por todas.","breadcrumb":{"@id":"https:\/\/tamarafschmidt.com\/palestras-cursos\/afinal-o-que-e-uma-startup\/#breadcrumb"},"inLanguage":"en-US","potentialAction":[{"@type":"ReadAction","target":["https:\/\/tamarafschmidt.com\/palestras-cursos\/afinal-o-que-e-uma-startup\/"]}]},{"@type":"ImageObject","inLanguage":"en-US","@id":"https:\/\/tamarafschmidt.com\/palestras-cursos\/afinal-o-que-e-uma-startup\/#primaryimage","url":"https:\/\/tamarafschmidt.com\/wp-content\/uploads\/2020\/05\/danielle-macinnes-IuLgi9PWETU-unsplash-1024x683.jpg","contentUrl":"https:\/\/tamarafschmidt.com\/wp-content\/uploads\/2020\/05\/danielle-macinnes-IuLgi9PWETU-unsplash-1024x683.jpg"},{"@type":"BreadcrumbList","@id":"https:\/\/tamarafschmidt.com\/palestras-cursos\/afinal-o-que-e-uma-startup\/#breadcrumb","itemListElement":[{"@type":"ListItem","position":1,"name":"In\u00edcio","item":"https:\/\/tamarafschmidt.com\/"},{"@type":"ListItem","position":2,"name":"Palestras \/ Cursos","item":"https:\/\/tamarafschmidt.com\/palestras-cursos\/"},{"@type":"ListItem","position":3,"name":"Afinal, o que \u00e9 uma Startup?"}]},{"@type":"WebSite","@id":"https:\/\/tamarafschmidt.com\/#website","url":"https:\/\/tamarafschmidt.com\/","name":"tamara f schmidt","description":"Tamara Ferreira Schmidt","publisher":{"@id":"https:\/\/tamarafschmidt.com\/#\/schema\/person\/694e0303ec81d93cd3e091857172db21"},"potentialAction":[{"@type":"SearchAction","target":{"@type":"EntryPoint","urlTemplate":"https:\/\/tamarafschmidt.com\/?s={search_term_string}"},"query-input":{"@type":"PropertyValueSpecification","valueRequired":true,"valueName":"search_term_string"}}],"inLanguage":"en-US"},{"@type":["Person","Organization"],"@id":"https:\/\/tamarafschmidt.com\/#\/schema\/person\/694e0303ec81d93cd3e091857172db21","name":"Tamara Ferreira Schmidt","image":{"@type":"ImageObject","inLanguage":"en-US","@id":"https:\/\/secure.gravatar.com\/avatar\/629e3f3c4fcb7d8422b7996253b72d1a28f2ee9946ea64897399b683a4d26d6f?s=96&d=mm&r=g","url":"https:\/\/secure.gravatar.com\/avatar\/629e3f3c4fcb7d8422b7996253b72d1a28f2ee9946ea64897399b683a4d26d6f?s=96&d=mm&r=g","contentUrl":"https:\/\/secure.gravatar.com\/avatar\/629e3f3c4fcb7d8422b7996253b72d1a28f2ee9946ea64897399b683a4d26d6f?s=96&d=mm&r=g","caption":"Tamara Ferreira Schmidt"},"logo":{"@id":"https:\/\/secure.gravatar.com\/avatar\/629e3f3c4fcb7d8422b7996253b72d1a28f2ee9946ea64897399b683a4d26d6f?s=96&d=mm&r=g"},"description":"F\u00edsica, empreendedora, especialista em mercado financeiro com fortes habilidades anal\u00edticas e quantitativas. Movida pela curiosidade e pelo objetivo de fazer a diferen\u00e7a atuo com inova\u00e7\u00e3o em iniciativas independentes."}]}},"jetpack_sharing_enabled":true,"_links":{"self":[{"href":"https:\/\/tamarafschmidt.com\/en\/wp-json\/wp\/v2\/pages\/741","targetHints":{"allow":["GET"]}}],"collection":[{"href":"https:\/\/tamarafschmidt.com\/en\/wp-json\/wp\/v2\/pages"}],"about":[{"href":"https:\/\/tamarafschmidt.com\/en\/wp-json\/wp\/v2\/types\/page"}],"author":[{"embeddable":true,"href":"https:\/\/tamarafschmidt.com\/en\/wp-json\/wp\/v2\/users\/1"}],"replies":[{"embeddable":true,"href":"https:\/\/tamarafschmidt.com\/en\/wp-json\/wp\/v2\/comments?post=741"}],"version-history":[{"count":27,"href":"https:\/\/tamarafschmidt.com\/en\/wp-json\/wp\/v2\/pages\/741\/revisions"}],"predecessor-version":[{"id":1466,"href":"https:\/\/tamarafschmidt.com\/en\/wp-json\/wp\/v2\/pages\/741\/revisions\/1466"}],"up":[{"embeddable":true,"href":"https:\/\/tamarafschmidt.com\/en\/wp-json\/wp\/v2\/pages\/42"}],"wp:attachment":[{"href":"https:\/\/tamarafschmidt.com\/en\/wp-json\/wp\/v2\/media?parent=741"}],"curies":[{"name":"wp","href":"https:\/\/api.w.org\/{rel}","templated":true}]}}