{"id":793,"date":"2020-05-25T19:56:52","date_gmt":"2020-05-25T22:56:52","guid":{"rendered":"https:\/\/tamarafschmidt.com\/?page_id=793"},"modified":"2022-10-26T11:57:15","modified_gmt":"2022-10-26T14:57:15","slug":"customizacao","status":"publish","type":"page","link":"https:\/\/tamarafschmidt.com\/en\/customizacao\/","title":{"rendered":"Customiza\u00e7\u00e3o"},"content":{"rendered":"<h3 class=\"has-text-align-center wp-block-heading\">Obrigada pelo seu interesse!<\/h3>\n\n\n\n<div style=\"height:40px\" aria-hidden=\"true\" class=\"wp-block-spacer\"><\/div>\n\n\n\n<p>Me envie um e-mail com os pontos importantes para a customiza\u00e7\u00e3o que eu terei o prazer de construir a melhor solu\u00e7\u00e3o.<\/p>\n\n\n\n<p class=\"has-text-align-center has-accent-color has-text-color\"><span style=\"text-decoration: underline;\">contact@<a href=\"mailto:contact@tamarafschmidt.com\" target=\"_blank\" rel=\"noreferrer noopener\">tamarafschmidt<\/a>.com<\/span><\/p>\n\n\n\n<div style=\"height:60px\" aria-hidden=\"true\" class=\"wp-block-spacer\"><\/div>\n\n\n<div class=\"wp-block-image\">\n<figure class=\"aligncenter size-large\"><img loading=\"lazy\" decoding=\"async\" width=\"1024\" height=\"683\" src=\"https:\/\/tamarafschmidt.com\/wp-content\/uploads\/2020\/05\/green-chameleon-s9CC2SKySJM-unsplash-1024x683.jpg\" alt=\"\" class=\"wp-image-800\" srcset=\"https:\/\/tamarafschmidt.com\/wp-content\/uploads\/2020\/05\/green-chameleon-s9CC2SKySJM-unsplash-1024x683.jpg 1024w, https:\/\/tamarafschmidt.com\/wp-content\/uploads\/2020\/05\/green-chameleon-s9CC2SKySJM-unsplash-300x200.jpg 300w, https:\/\/tamarafschmidt.com\/wp-content\/uploads\/2020\/05\/green-chameleon-s9CC2SKySJM-unsplash-768x512.jpg 768w, https:\/\/tamarafschmidt.com\/wp-content\/uploads\/2020\/05\/green-chameleon-s9CC2SKySJM-unsplash-1536x1024.jpg 1536w, https:\/\/tamarafschmidt.com\/wp-content\/uploads\/2020\/05\/green-chameleon-s9CC2SKySJM-unsplash-2048x1365.jpg 2048w, https:\/\/tamarafschmidt.com\/wp-content\/uploads\/2020\/05\/green-chameleon-s9CC2SKySJM-unsplash-360x240.jpg 360w\" sizes=\"auto, (max-width: 1024px) 100vw, 1024px\" \/><figcaption>Photo by\u00a0<a href=\"https:\/\/unsplash.com\/@craftedbygc?utm_source=unsplash&amp;utm_medium=referral&amp;utm_content=creditCopyText\" target=\"_blank\" rel=\"noreferrer noopener\">Green Chameleon<\/a>\u00a0on\u00a0<a href=\"https:\/\/unsplash.com\/s\/photos\/student?utm_source=unsplash&amp;utm_medium=referral&amp;utm_content=creditCopyText\" target=\"_blank\" rel=\"noreferrer noopener\">Unsplash<\/a><\/figcaption><\/figure>\n<\/div>\n\n\n<div style=\"height:60px\" aria-hidden=\"true\" class=\"wp-block-spacer\"><\/div>","protected":false},"excerpt":{"rendered":"<p>Obrigada pelo seu interesse! Me envie um e-mail com os pontos importantes para a customiza\u00e7\u00e3o que eu terei o prazer de construir a melhor solu\u00e7\u00e3o. contact@tamarafschmidt.com<\/p>","protected":false},"author":1,"featured_media":0,"parent":0,"menu_order":0,"comment_status":"closed","ping_status":"closed","template":"","meta":{"footnotes":""},"class_list":["post-793","page","type-page","status-publish","hentry"],"yoast_head":"<!-- This site is optimized with the Yoast SEO plugin v27.4 - https:\/\/yoast.com\/product\/yoast-seo-wordpress\/ -->\n<title>Customiza\u00e7\u00e3o - tamara f schmidt<\/title>\n<meta name=\"robots\" content=\"index, follow, max-snippet:-1, max-image-preview:large, max-video-preview:-1\" \/>\n<link rel=\"canonical\" href=\"https:\/\/tamarafschmidt.com\/en\/customizacao\/\" \/>\n<meta property=\"og:locale\" content=\"en_US\" \/>\n<meta property=\"og:type\" content=\"article\" \/>\n<meta property=\"og:title\" content=\"Customiza\u00e7\u00e3o - tamara f schmidt\" \/>\n<meta property=\"og:description\" content=\"Obrigada pelo seu interesse! Me envie um e-mail com os pontos importantes para a customiza\u00e7\u00e3o que eu terei o prazer de construir a melhor solu\u00e7\u00e3o. contact@tamarafschmidt.com\" \/>\n<meta property=\"og:url\" content=\"https:\/\/tamarafschmidt.com\/en\/customizacao\/\" \/>\n<meta property=\"og:site_name\" content=\"tamara f schmidt\" \/>\n<meta property=\"article:modified_time\" content=\"2022-10-26T14:57:15+00:00\" \/>\n<meta property=\"og:image\" content=\"https:\/\/tamarafschmidt.com\/wp-content\/uploads\/2020\/05\/green-chameleon-s9CC2SKySJM-unsplash-1024x683.jpg\" \/>\n<meta name=\"twitter:card\" content=\"summary_large_image\" \/>\n<meta name=\"twitter:label1\" content=\"Est. reading time\" \/>\n\t<meta name=\"twitter:data1\" content=\"1 minute\" \/>\n<script type=\"application\/ld+json\" class=\"yoast-schema-graph\">{\"@context\":\"https:\\\/\\\/schema.org\",\"@graph\":[{\"@type\":\"WebPage\",\"@id\":\"https:\\\/\\\/tamarafschmidt.com\\\/customizacao\\\/\",\"url\":\"https:\\\/\\\/tamarafschmidt.com\\\/customizacao\\\/\",\"name\":\"Customiza\u00e7\u00e3o - tamara f schmidt\",\"isPartOf\":{\"@id\":\"https:\\\/\\\/tamarafschmidt.com\\\/#website\"},\"primaryImageOfPage\":{\"@id\":\"https:\\\/\\\/tamarafschmidt.com\\\/customizacao\\\/#primaryimage\"},\"image\":{\"@id\":\"https:\\\/\\\/tamarafschmidt.com\\\/customizacao\\\/#primaryimage\"},\"thumbnailUrl\":\"https:\\\/\\\/tamarafschmidt.com\\\/wp-content\\\/uploads\\\/2020\\\/05\\\/green-chameleon-s9CC2SKySJM-unsplash-1024x683.jpg\",\"datePublished\":\"2020-05-25T22:56:52+00:00\",\"dateModified\":\"2022-10-26T14:57:15+00:00\",\"breadcrumb\":{\"@id\":\"https:\\\/\\\/tamarafschmidt.com\\\/customizacao\\\/#breadcrumb\"},\"inLanguage\":\"en-US\",\"potentialAction\":[{\"@type\":\"ReadAction\",\"target\":[\"https:\\\/\\\/tamarafschmidt.com\\\/customizacao\\\/\"]}]},{\"@type\":\"ImageObject\",\"inLanguage\":\"en-US\",\"@id\":\"https:\\\/\\\/tamarafschmidt.com\\\/customizacao\\\/#primaryimage\",\"url\":\"https:\\\/\\\/tamarafschmidt.com\\\/wp-content\\\/uploads\\\/2020\\\/05\\\/green-chameleon-s9CC2SKySJM-unsplash-1024x683.jpg\",\"contentUrl\":\"https:\\\/\\\/tamarafschmidt.com\\\/wp-content\\\/uploads\\\/2020\\\/05\\\/green-chameleon-s9CC2SKySJM-unsplash-1024x683.jpg\"},{\"@type\":\"BreadcrumbList\",\"@id\":\"https:\\\/\\\/tamarafschmidt.com\\\/customizacao\\\/#breadcrumb\",\"itemListElement\":[{\"@type\":\"ListItem\",\"position\":1,\"name\":\"In\u00edcio\",\"item\":\"https:\\\/\\\/tamarafschmidt.com\\\/\"},{\"@type\":\"ListItem\",\"position\":2,\"name\":\"Customiza\u00e7\u00e3o\"}]},{\"@type\":\"WebSite\",\"@id\":\"https:\\\/\\\/tamarafschmidt.com\\\/#website\",\"url\":\"https:\\\/\\\/tamarafschmidt.com\\\/\",\"name\":\"tamara f schmidt\",\"description\":\"Tamara Ferreira Schmidt\",\"publisher\":{\"@id\":\"https:\\\/\\\/tamarafschmidt.com\\\/#\\\/schema\\\/person\\\/694e0303ec81d93cd3e091857172db21\"},\"potentialAction\":[{\"@type\":\"SearchAction\",\"target\":{\"@type\":\"EntryPoint\",\"urlTemplate\":\"https:\\\/\\\/tamarafschmidt.com\\\/?s={search_term_string}\"},\"query-input\":{\"@type\":\"PropertyValueSpecification\",\"valueRequired\":true,\"valueName\":\"search_term_string\"}}],\"inLanguage\":\"en-US\"},{\"@type\":[\"Person\",\"Organization\"],\"@id\":\"https:\\\/\\\/tamarafschmidt.com\\\/#\\\/schema\\\/person\\\/694e0303ec81d93cd3e091857172db21\",\"name\":\"Tamara Ferreira Schmidt\",\"image\":{\"@type\":\"ImageObject\",\"inLanguage\":\"en-US\",\"@id\":\"https:\\\/\\\/secure.gravatar.com\\\/avatar\\\/629e3f3c4fcb7d8422b7996253b72d1a28f2ee9946ea64897399b683a4d26d6f?s=96&d=mm&r=g\",\"url\":\"https:\\\/\\\/secure.gravatar.com\\\/avatar\\\/629e3f3c4fcb7d8422b7996253b72d1a28f2ee9946ea64897399b683a4d26d6f?s=96&d=mm&r=g\",\"contentUrl\":\"https:\\\/\\\/secure.gravatar.com\\\/avatar\\\/629e3f3c4fcb7d8422b7996253b72d1a28f2ee9946ea64897399b683a4d26d6f?s=96&d=mm&r=g\",\"caption\":\"Tamara Ferreira Schmidt\"},\"logo\":{\"@id\":\"https:\\\/\\\/secure.gravatar.com\\\/avatar\\\/629e3f3c4fcb7d8422b7996253b72d1a28f2ee9946ea64897399b683a4d26d6f?s=96&d=mm&r=g\"},\"description\":\"F\u00edsica, empreendedora, especialista em mercado financeiro com fortes habilidades anal\u00edticas e quantitativas. Movida pela curiosidade e pelo objetivo de fazer a diferen\u00e7a atuo com inova\u00e7\u00e3o em iniciativas independentes.\"}]}<\/script>\n<!-- \/ Yoast SEO plugin. -->","yoast_head_json":{"title":"Customiza\u00e7\u00e3o - tamara f schmidt","robots":{"index":"index","follow":"follow","max-snippet":"max-snippet:-1","max-image-preview":"max-image-preview:large","max-video-preview":"max-video-preview:-1"},"canonical":"https:\/\/tamarafschmidt.com\/en\/customizacao\/","og_locale":"en_US","og_type":"article","og_title":"Customiza\u00e7\u00e3o - tamara f schmidt","og_description":"Obrigada pelo seu interesse! Me envie um e-mail com os pontos importantes para a customiza\u00e7\u00e3o que eu terei o prazer de construir a melhor solu\u00e7\u00e3o. contact@tamarafschmidt.com","og_url":"https:\/\/tamarafschmidt.com\/en\/customizacao\/","og_site_name":"tamara f schmidt","article_modified_time":"2022-10-26T14:57:15+00:00","og_image":[{"url":"https:\/\/tamarafschmidt.com\/wp-content\/uploads\/2020\/05\/green-chameleon-s9CC2SKySJM-unsplash-1024x683.jpg","type":"","width":"","height":""}],"twitter_card":"summary_large_image","twitter_misc":{"Est. reading time":"1 minute"},"schema":{"@context":"https:\/\/schema.org","@graph":[{"@type":"WebPage","@id":"https:\/\/tamarafschmidt.com\/customizacao\/","url":"https:\/\/tamarafschmidt.com\/customizacao\/","name":"Customiza\u00e7\u00e3o - tamara f schmidt","isPartOf":{"@id":"https:\/\/tamarafschmidt.com\/#website"},"primaryImageOfPage":{"@id":"https:\/\/tamarafschmidt.com\/customizacao\/#primaryimage"},"image":{"@id":"https:\/\/tamarafschmidt.com\/customizacao\/#primaryimage"},"thumbnailUrl":"https:\/\/tamarafschmidt.com\/wp-content\/uploads\/2020\/05\/green-chameleon-s9CC2SKySJM-unsplash-1024x683.jpg","datePublished":"2020-05-25T22:56:52+00:00","dateModified":"2022-10-26T14:57:15+00:00","breadcrumb":{"@id":"https:\/\/tamarafschmidt.com\/customizacao\/#breadcrumb"},"inLanguage":"en-US","potentialAction":[{"@type":"ReadAction","target":["https:\/\/tamarafschmidt.com\/customizacao\/"]}]},{"@type":"ImageObject","inLanguage":"en-US","@id":"https:\/\/tamarafschmidt.com\/customizacao\/#primaryimage","url":"https:\/\/tamarafschmidt.com\/wp-content\/uploads\/2020\/05\/green-chameleon-s9CC2SKySJM-unsplash-1024x683.jpg","contentUrl":"https:\/\/tamarafschmidt.com\/wp-content\/uploads\/2020\/05\/green-chameleon-s9CC2SKySJM-unsplash-1024x683.jpg"},{"@type":"BreadcrumbList","@id":"https:\/\/tamarafschmidt.com\/customizacao\/#breadcrumb","itemListElement":[{"@type":"ListItem","position":1,"name":"In\u00edcio","item":"https:\/\/tamarafschmidt.com\/"},{"@type":"ListItem","position":2,"name":"Customiza\u00e7\u00e3o"}]},{"@type":"WebSite","@id":"https:\/\/tamarafschmidt.com\/#website","url":"https:\/\/tamarafschmidt.com\/","name":"tamara f schmidt","description":"Tamara Ferreira Schmidt","publisher":{"@id":"https:\/\/tamarafschmidt.com\/#\/schema\/person\/694e0303ec81d93cd3e091857172db21"},"potentialAction":[{"@type":"SearchAction","target":{"@type":"EntryPoint","urlTemplate":"https:\/\/tamarafschmidt.com\/?s={search_term_string}"},"query-input":{"@type":"PropertyValueSpecification","valueRequired":true,"valueName":"search_term_string"}}],"inLanguage":"en-US"},{"@type":["Person","Organization"],"@id":"https:\/\/tamarafschmidt.com\/#\/schema\/person\/694e0303ec81d93cd3e091857172db21","name":"Tamara Ferreira Schmidt","image":{"@type":"ImageObject","inLanguage":"en-US","@id":"https:\/\/secure.gravatar.com\/avatar\/629e3f3c4fcb7d8422b7996253b72d1a28f2ee9946ea64897399b683a4d26d6f?s=96&d=mm&r=g","url":"https:\/\/secure.gravatar.com\/avatar\/629e3f3c4fcb7d8422b7996253b72d1a28f2ee9946ea64897399b683a4d26d6f?s=96&d=mm&r=g","contentUrl":"https:\/\/secure.gravatar.com\/avatar\/629e3f3c4fcb7d8422b7996253b72d1a28f2ee9946ea64897399b683a4d26d6f?s=96&d=mm&r=g","caption":"Tamara Ferreira Schmidt"},"logo":{"@id":"https:\/\/secure.gravatar.com\/avatar\/629e3f3c4fcb7d8422b7996253b72d1a28f2ee9946ea64897399b683a4d26d6f?s=96&d=mm&r=g"},"description":"F\u00edsica, empreendedora, especialista em mercado financeiro com fortes habilidades anal\u00edticas e quantitativas. Movida pela curiosidade e pelo objetivo de fazer a diferen\u00e7a atuo com inova\u00e7\u00e3o em iniciativas independentes."}]}},"jetpack_sharing_enabled":true,"_links":{"self":[{"href":"https:\/\/tamarafschmidt.com\/en\/wp-json\/wp\/v2\/pages\/793","targetHints":{"allow":["GET"]}}],"collection":[{"href":"https:\/\/tamarafschmidt.com\/en\/wp-json\/wp\/v2\/pages"}],"about":[{"href":"https:\/\/tamarafschmidt.com\/en\/wp-json\/wp\/v2\/types\/page"}],"author":[{"embeddable":true,"href":"https:\/\/tamarafschmidt.com\/en\/wp-json\/wp\/v2\/users\/1"}],"replies":[{"embeddable":true,"href":"https:\/\/tamarafschmidt.com\/en\/wp-json\/wp\/v2\/comments?post=793"}],"version-history":[{"count":12,"href":"https:\/\/tamarafschmidt.com\/en\/wp-json\/wp\/v2\/pages\/793\/revisions"}],"predecessor-version":[{"id":1468,"href":"https:\/\/tamarafschmidt.com\/en\/wp-json\/wp\/v2\/pages\/793\/revisions\/1468"}],"wp:attachment":[{"href":"https:\/\/tamarafschmidt.com\/en\/wp-json\/wp\/v2\/media?parent=793"}],"curies":[{"name":"wp","href":"https:\/\/api.w.org\/{rel}","templated":true}]}}